{"id":511,"date":"2022-07-08T14:10:05","date_gmt":"2022-07-08T14:10:05","guid":{"rendered":"https:\/\/designforfood.eu\/?page_id=511"},"modified":"2024-07-17T06:17:58","modified_gmt":"2024-07-17T06:17:58","slug":"advisory-board","status":"publish","type":"page","link":"https:\/\/designforfood.eu\/en\/advisory-board\/","title":{"rendered":"Faculty"},"content":{"rendered":"<div data-elementor-type=\"wp-page\" data-elementor-id=\"511\" class=\"elementor elementor-511\" data-elementor-settings=\"[]\">\n\t\t\t\t\t\t<div class=\"elementor-inner\">\n\t\t\t\t\t\t\t<div class=\"elementor-section-wrap\">\n\t\t\t\t\t\t\t<section class=\"elementor-section elementor-top-section elementor-element elementor-element-71c500a9 elementor-section-boxed elementor-section-height-default elementor-section-height-default\" data-id=\"71c500a9\" data-element_type=\"section\">\n\t\t\t\t\t\t<div class=\"elementor-container elementor-column-gap-default\">\n\t\t\t\t\t\t\t<div class=\"elementor-row\">\n\t\t\t\t\t<div class=\"elementor-column elementor-col-25 elementor-top-column elementor-element elementor-element-2356acb6\" data-id=\"2356acb6\" data-element_type=\"column\">\n\t\t\t<div class=\"elementor-column-wrap\">\n\t\t\t\t\t\t\t<div class=\"elementor-widget-wrap\">\n\t\t\t\t\t\t\t\t<\/div>\n\t\t\t\t\t<\/div>\n\t\t<\/div>\n\t\t\t\t<div class=\"elementor-column elementor-col-50 elementor-top-column elementor-element elementor-element-7b87a7f0\" data-id=\"7b87a7f0\" data-element_type=\"column\">\n\t\t\t<div class=\"elementor-column-wrap elementor-element-populated\">\n\t\t\t\t\t\t\t<div class=\"elementor-widget-wrap\">\n\t\t\t\t\t\t<div class=\"elementor-element elementor-element-4942a1ea elementor-widget elementor-widget-text-editor\" data-id=\"4942a1ea\" data-element_type=\"widget\" data-widget_type=\"text-editor.default\">\n\t\t\t\t<div class=\"elementor-widget-container\">\n\t\t\t\t\t\t\t\t<div class=\"elementor-text-editor elementor-clearfix\">\n\t\t\t\t\t<p>The Faculty of the Master in\u00a0<b>DESIGN FOR FOOD<\/b> is composed of lecturers from the Politecnico di Milano and academics from some of the most important universities, including the Universit\u00e0 degli Studi di Scienze Gastronomiche di Pollenzo. The academic profiles are complemented by qualified external professionals and experts in the food sector.<span style=\"font-weight: var( --e-global-typography-text-font-weight );\">Some examples below:<\/span><\/p><p>\u00a0<\/p><p><strong>Silvia Barbieri\u00a0<\/strong><\/p><p>Founder of \u201cThe Branding Letters\u201d, brand development creative agency based in Milan<\/p><p>\u00a0<\/p><p><strong>Erik Ciravegna\u00a0<\/strong><\/p><p>PhD in Design (DIeCM) and expert in communication design, with a focus on packaging design and identity systems of brands and products<\/p><p>\u00a0<\/p><p><strong>Stefano Citi\u00a0<\/strong><\/p><p>Designer and co-founder of \u201cTourDeFork\u201d, unique creative consultancy based in Milan<\/p><p>\u00a0<\/p><p><strong>Giorgio De Ponti\u00a0<\/strong><\/p><p>Adjunct Professor of Integrated Design at Politecnico di Milano and design consultant for the food industry<\/p><p>\u00a0<\/p><p><strong>Franco Fassio\u00a0<\/strong><\/p><p>Systemic Designer and PhD in Design, Associate Professor at the University of Gastronomic Science of Pollenzo (UNISG)<\/p><p>\u00a0<\/p><p><strong>Michele Fino<\/strong><\/p><p>Full Professor at the University of Gastronomic Sciences in Pollenzo and legal advisor of the Italian Federation of Independent Winegrowers (FIVI)<\/p><p>\u00a0<\/p><p><strong>Paola Garrone\u00a0<\/strong><\/p><p>Professor of Business and Industrial Economics at the School of Management of Politecnico di Milano<\/p><p>\u00a0<\/p><p><strong>Luisa Torri<\/strong> <br \/>Associate Professor of Food Science and Technology - Sensory and Consumer Science\nat the University of Gastronomic Sciences in Pollenzo<\/p><p>\u00a0<\/p><p><strong>Dario Mangano<\/strong><br \/>Professore associato di Semiotica presso l&#8217;Universit\u00e0 di Palermo<br \/>Associate Professor of Semiotics at the University of Palermo and director of the Laboratory of Communication of the Cultures and Societies Department<\/p><p>\u00a0<\/p><p><strong>Gabriella Morini<\/strong><br \/>Assistant Professor of Organic Chemistry at the University of Gastronomic Sciences in Pollenzo and member of the Advisory Board of the Nordic Food Lab (Copenhagen, Denmark) until its closure in 2018<\/p><p>\u00a0<\/p><p><strong>Francesca Mostardini<\/strong> <br \/>Food technologist and expert in Food Packaging at the PackLab (University of Milan)<\/p><p>\u00a0<\/p><p><strong>Beatrice Villari<\/strong> <br \/>Associate Professor of Department of Design, Politecnico di Milano and co-director of the Specializing Master in Service Design (POLI.design)<\/p><p>\u00a0<\/p><p><strong>Gabriele Volpato<\/strong><br \/>PhD in Social Sciences and Anthropology and Research Fellow at UNISG<\/p><p>\u00a0<\/p>\t\t\t\t\t<\/div>\n\t\t\t\t\t\t<\/div>\n\t\t\t\t<\/div>\n\t\t\t\t<div class=\"elementor-element elementor-element-447322b elementor-widget elementor-widget-spacer\" data-id=\"447322b\" data-element_type=\"widget\" data-widget_type=\"spacer.default\">\n\t\t\t\t<div class=\"elementor-widget-container\">\n\t\t\t\t\t<div class=\"elementor-spacer\">\n\t\t\t<div class=\"elementor-spacer-inner\"><\/div>\n\t\t<\/div>\n\t\t\t\t<\/div>\n\t\t\t\t<\/div>\n\t\t\t\t\t\t<\/div>\n\t\t\t\t\t<\/div>\n\t\t<\/div>\n\t\t\t\t<div class=\"elementor-column elementor-col-25 elementor-top-column elementor-element elementor-element-b9882da\" data-id=\"b9882da\" data-element_type=\"column\">\n\t\t\t<div class=\"elementor-column-wrap\">\n\t\t\t\t\t\t\t<div class=\"elementor-widget-wrap\">\n\t\t\t\t\t\t\t\t<\/div>\n\t\t\t\t\t<\/div>\n\t\t<\/div>\n\t\t\t\t\t\t\t\t<\/div>\n\t\t\t\t\t<\/div>\n\t\t<\/section>\n\t\t\t\t<section class=\"elementor-section elementor-top-section elementor-element elementor-element-0ba08bd elementor-section-boxed elementor-section-height-default elementor-section-height-default\" data-id=\"0ba08bd\" data-element_type=\"section\">\n\t\t\t\t\t\t<div class=\"elementor-container elementor-column-gap-default\">\n\t\t\t\t\t\t\t<div class=\"elementor-row\">\n\t\t\t\t\t<div class=\"elementor-column elementor-col-25 elementor-top-column elementor-element elementor-element-eead63b\" data-id=\"eead63b\" data-element_type=\"column\">\n\t\t\t<div class=\"elementor-column-wrap\">\n\t\t\t\t\t\t\t<div class=\"elementor-widget-wrap\">\n\t\t\t\t\t\t\t\t<\/div>\n\t\t\t\t\t<\/div>\n\t\t<\/div>\n\t\t\t\t<div class=\"elementor-column elementor-col-50 elementor-top-column elementor-element elementor-element-9d54bef\" data-id=\"9d54bef\" data-element_type=\"column\">\n\t\t\t<div class=\"elementor-column-wrap elementor-element-populated\">\n\t\t\t\t\t\t\t<div class=\"elementor-widget-wrap\">\n\t\t\t\t\t\t<div class=\"elementor-element elementor-element-3151b48 elementor-widget elementor-widget-text-editor\" data-id=\"3151b48\" data-element_type=\"widget\" data-widget_type=\"text-editor.default\">\n\t\t\t\t<div class=\"elementor-widget-container\">\n\t\t\t\t\t\t\t\t<div class=\"elementor-text-editor elementor-clearfix\">\n\t\t\t\t\t\t\t\t\t\t<\/div>\n\t\t\t\t\t\t<\/div>\n\t\t\t\t<\/div>\n\t\t\t\t<div class=\"elementor-element elementor-element-79e60f8 elementor-widget elementor-widget-spacer\" data-id=\"79e60f8\" data-element_type=\"widget\" data-widget_type=\"spacer.default\">\n\t\t\t\t<div class=\"elementor-widget-container\">\n\t\t\t\t\t<div class=\"elementor-spacer\">\n\t\t\t<div class=\"elementor-spacer-inner\"><\/div>\n\t\t<\/div>\n\t\t\t\t<\/div>\n\t\t\t\t<\/div>\n\t\t\t\t<div class=\"elementor-element elementor-element-20d0737 elementor-widget elementor-widget-text-editor\" data-id=\"20d0737\" data-element_type=\"widget\" data-widget_type=\"text-editor.default\">\n\t\t\t\t<div class=\"elementor-widget-container\">\n\t\t\t\t\t\t\t\t<div class=\"elementor-text-editor elementor-clearfix\">\n\t\t\t\t\t\t\t\t\t\t<\/div>\n\t\t\t\t\t\t<\/div>\n\t\t\t\t<\/div>\n\t\t\t\t<div class=\"elementor-element elementor-element-3236e6e elementor-widget elementor-widget-spacer\" data-id=\"3236e6e\" data-element_type=\"widget\" data-widget_type=\"spacer.default\">\n\t\t\t\t<div class=\"elementor-widget-container\">\n\t\t\t\t\t<div class=\"elementor-spacer\">\n\t\t\t<div class=\"elementor-spacer-inner\"><\/div>\n\t\t<\/div>\n\t\t\t\t<\/div>\n\t\t\t\t<\/div>\n\t\t\t\t<div class=\"elementor-element elementor-element-8a33aba elementor-widget elementor-widget-text-editor\" data-id=\"8a33aba\" data-element_type=\"widget\" data-widget_type=\"text-editor.default\">\n\t\t\t\t<div class=\"elementor-widget-container\">\n\t\t\t\t\t\t\t\t<div class=\"elementor-text-editor elementor-clearfix\">\n\t\t\t\t\t\t\t\t\t\t<\/div>\n\t\t\t\t\t\t<\/div>\n\t\t\t\t<\/div>\n\t\t\t\t<div class=\"elementor-element elementor-element-c8f8cce elementor-widget elementor-widget-spacer\" data-id=\"c8f8cce\" data-element_type=\"widget\" data-widget_type=\"spacer.default\">\n\t\t\t\t<div class=\"elementor-widget-container\">\n\t\t\t\t\t<div class=\"elementor-spacer\">\n\t\t\t<div class=\"elementor-spacer-inner\"><\/div>\n\t\t<\/div>\n\t\t\t\t<\/div>\n\t\t\t\t<\/div>\n\t\t\t\t<div class=\"elementor-element elementor-element-c9ff447 elementor-widget elementor-widget-text-editor\" data-id=\"c9ff447\" data-element_type=\"widget\" data-widget_type=\"text-editor.default\">\n\t\t\t\t<div class=\"elementor-widget-container\">\n\t\t\t\t\t\t\t\t<div class=\"elementor-text-editor elementor-clearfix\">\n\t\t\t\t\t\t\t\t\t\t<\/div>\n\t\t\t\t\t\t<\/div>\n\t\t\t\t<\/div>\n\t\t\t\t\t\t<\/div>\n\t\t\t\t\t<\/div>\n\t\t<\/div>\n\t\t\t\t<div class=\"elementor-column elementor-col-25 elementor-top-column elementor-element elementor-element-a07a801\" data-id=\"a07a801\" data-element_type=\"column\">\n\t\t\t<div class=\"elementor-column-wrap\">\n\t\t\t\t\t\t\t<div class=\"elementor-widget-wrap\">\n\t\t\t\t\t\t\t\t<\/div>\n\t\t\t\t\t<\/div>\n\t\t<\/div>\n\t\t\t\t\t\t\t\t<\/div>\n\t\t\t\t\t<\/div>\n\t\t<\/section>\n\t\t\t\t<section class=\"elementor-section elementor-top-section elementor-element elementor-element-6a253e3d elementor-section-boxed elementor-section-height-default elementor-section-height-default\" data-id=\"6a253e3d\" data-element_type=\"section\">\n\t\t\t\t\t\t<div class=\"elementor-container elementor-column-gap-default\">\n\t\t\t\t\t\t\t<div class=\"elementor-row\">\n\t\t\t\t\t<div class=\"elementor-column elementor-col-100 elementor-top-column elementor-element elementor-element-9c194fa\" data-id=\"9c194fa\" data-element_type=\"column\">\n\t\t\t<div class=\"elementor-column-wrap elementor-element-populated\">\n\t\t\t\t\t\t\t<div class=\"elementor-widget-wrap\">\n\t\t\t\t\t\t<div class=\"elementor-element elementor-element-af0948e elementor-widget elementor-widget-spacer\" data-id=\"af0948e\" data-element_type=\"widget\" data-widget_type=\"spacer.default\">\n\t\t\t\t<div class=\"elementor-widget-container\">\n\t\t\t\t\t<div class=\"elementor-spacer\">\n\t\t\t<div class=\"elementor-spacer-inner\"><\/div>\n\t\t<\/div>\n\t\t\t\t<\/div>\n\t\t\t\t<\/div>\n\t\t\t\t\t\t<\/div>\n\t\t\t\t\t<\/div>\n\t\t<\/div>\n\t\t\t\t\t\t\t\t<\/div>\n\t\t\t\t\t<\/div>\n\t\t<\/section>\n\t\t\t\t<section class=\"elementor-section elementor-top-section elementor-element elementor-element-1e02c4ec elementor-section-full_width elementor-section-height-default elementor-section-height-default\" data-id=\"1e02c4ec\" data-element_type=\"section\">\n\t\t\t\t\t\t<div class=\"elementor-container elementor-column-gap-default\">\n\t\t\t\t\t\t\t<div class=\"elementor-row\">\n\t\t\t\t\t<div class=\"elementor-column elementor-col-100 elementor-top-column elementor-element elementor-element-60c0e9e\" data-id=\"60c0e9e\" data-element_type=\"column\">\n\t\t\t<div class=\"elementor-column-wrap\">\n\t\t\t\t\t\t\t<div class=\"elementor-widget-wrap\">\n\t\t\t\t\t\t\t\t<\/div>\n\t\t\t\t\t<\/div>\n\t\t<\/div>\n\t\t\t\t\t\t\t\t<\/div>\n\t\t\t\t\t<\/div>\n\t\t<\/section>\n\t\t\t\t\t\t<\/div>\n\t\t\t\t\t\t<\/div>\n\t\t\t\t\t<\/div>","protected":false},"excerpt":{"rendered":"<p>La Faculty del Master in\u00a0DESIGN FOR FOOD \u00e8 formata da docenti del Politecnico di Milano e da accademici provenienti da alcuni dei pi\u00f9 importanti atenei, tra cui l&#8217;Universit\u00e0 degli Studi di Scienze Gastronomiche di Pollenzo. Ai profili accademici, si aggiungono inoltre qualificati professionisti esterni ed esperti del settore alimentare. Di seguito, alcuni esempi: \u00a0 Silvia [&hellip;]<\/p>","protected":false},"author":3,"featured_media":0,"parent":0,"menu_order":0,"comment_status":"closed","ping_status":"closed","template":"","meta":[],"_links":{"self":[{"href":"https:\/\/designforfood.eu\/en\/wp-json\/wp\/v2\/pages\/511"}],"collection":[{"href":"https:\/\/designforfood.eu\/en\/wp-json\/wp\/v2\/pages"}],"about":[{"href":"https:\/\/designforfood.eu\/en\/wp-json\/wp\/v2\/types\/page"}],"author":[{"embeddable":true,"href":"https:\/\/designforfood.eu\/en\/wp-json\/wp\/v2\/users\/3"}],"replies":[{"embeddable":true,"href":"https:\/\/designforfood.eu\/en\/wp-json\/wp\/v2\/comments?post=511"}],"version-history":[{"count":71,"href":"https:\/\/designforfood.eu\/en\/wp-json\/wp\/v2\/pages\/511\/revisions"}],"predecessor-version":[{"id":744,"href":"https:\/\/designforfood.eu\/en\/wp-json\/wp\/v2\/pages\/511\/revisions\/744"}],"wp:attachment":[{"href":"https:\/\/designforfood.eu\/en\/wp-json\/wp\/v2\/media?parent=511"}],"curies":[{"name":"wp","href":"https:\/\/api.w.org\/{rel}","templated":true}]}}